{"id":76,"date":"2025-08-10T11:40:05","date_gmt":"2025-08-10T14:40:05","guid":{"rendered":"https:\/\/danielbuche.com.br\/projeto\/upcultural\/?page_id=76"},"modified":"2025-08-17T10:43:04","modified_gmt":"2025-08-17T13:43:04","slug":"projetos","status":"publish","type":"page","link":"https:\/\/danielbuche.com.br\/projeto\/upcultural\/projetos\/","title":{"rendered":"Projetos"},"content":{"rendered":"\t\t<div data-elementor-type=\"wp-page\" data-elementor-id=\"76\" class=\"elementor elementor-76\" data-elementor-post-type=\"page\">\n\t\t\t\t<div class=\"elementor-element elementor-element-1d6e6cf e-flex e-con-boxed e-con e-parent\" data-id=\"1d6e6cf\" data-element_type=\"container\" data-settings=\"{&quot;background_background&quot;:&quot;classic&quot;}\">\n\t\t\t\t\t<div class=\"e-con-inner\">\n\t\t\t\t<div class=\"elementor-element elementor-element-b712f41 elementor-icon-list--layout-inline elementor-align-center elementor-list-item-link-full_width elementor-widget elementor-widget-icon-list\" data-id=\"b712f41\" data-element_type=\"widget\" data-widget_type=\"icon-list.default\">\n\t\t\t\t\t\t\t<ul class=\"elementor-icon-list-items elementor-inline-items\">\n\t\t\t\t\t\t\t<li class=\"elementor-icon-list-item elementor-inline-item\">\n\t\t\t\t\t\t\t\t\t\t\t<a href=\"https:\/\/danielbuche.com.br\/projeto\/upcultural\">\n\n\t\t\t\t\t\t\t\t\t\t\t<span class=\"elementor-icon-list-text\">In\u00edcio<\/span>\n\t\t\t\t\t\t\t\t\t\t\t<\/a>\n\t\t\t\t\t\t\t\t\t<\/li>\n\t\t\t\t\t\t\t\t<li class=\"elementor-icon-list-item elementor-inline-item\">\n\t\t\t\t\t\t\t\t\t\t\t<span class=\"elementor-icon-list-icon\">\n\t\t\t\t\t\t\t<svg aria-hidden=\"true\" class=\"e-font-icon-svg e-fas-angle-right\" viewBox=\"0 0 256 512\" xmlns=\"http:\/\/www.w3.org\/2000\/svg\"><path d=\"M224.3 273l-136 136c-9.4 9.4-24.6 9.4-33.9 0l-22.6-22.6c-9.4-9.4-9.4-24.6 0-33.9l96.4-96.4-96.4-96.4c-9.4-9.4-9.4-24.6 0-33.9L54.3 103c9.4-9.4 24.6-9.4 33.9 0l136 136c9.5 9.4 9.5 24.6.1 34z\"><\/path><\/svg>\t\t\t\t\t\t<\/span>\n\t\t\t\t\t\t\t\t\t\t<span class=\"elementor-icon-list-text\"><\/span>\n\t\t\t\t\t\t\t\t\t<\/li>\n\t\t\t\t\t\t\t\t<li class=\"elementor-icon-list-item elementor-inline-item\">\n\t\t\t\t\t\t\t\t\t\t<span class=\"elementor-icon-list-text\">Projetos<\/span>\n\t\t\t\t\t\t\t\t\t<\/li>\n\t\t\t\t\t\t<\/ul>\n\t\t\t\t\t\t<\/div>\n\t\t\t\t<div class=\"elementor-element elementor-element-196c276 elementor-widget elementor-widget-heading\" data-id=\"196c276\" data-element_type=\"widget\" data-widget_type=\"heading.default\">\n\t\t\t\t\t<h2 class=\"elementor-heading-title elementor-size-default\">Nossos Projetos<\/h2>\t\t\t\t<\/div>\n\t\t\t\t<div class=\"elementor-element elementor-element-0f3c414 elementor-widget__width-initial elementor-widget elementor-widget-text-editor\" data-id=\"0f3c414\" data-element_type=\"widget\" data-widget_type=\"text-editor.default\">\n\t\t\t\t\t\t\t\t\t<p>Iniciativas que materializam nossa vis\u00e3o de mundo e nosso compromisso com a transforma\u00e7\u00e3o cultural da sociedade.<\/p>\t\t\t\t\t\t\t\t<\/div>\n\t\t\t\t\t<\/div>\n\t\t\t\t<\/div>\n\t\t<div class=\"elementor-element elementor-element-471d578 e-flex e-con-boxed e-con e-parent\" data-id=\"471d578\" data-element_type=\"container\">\n\t\t\t\t\t<div class=\"e-con-inner\">\n\t\t\t\t<div class=\"elementor-element elementor-element-8fcf275 elementor-widget elementor-widget-jet-listing-grid\" data-id=\"8fcf275\" data-element_type=\"widget\" data-settings=\"{&quot;columns&quot;:&quot;1&quot;}\" data-widget_type=\"jet-listing-grid.default\">\n\t\t\t\t\t<div class=\"jet-listing-grid jet-listing\"><div class=\"jet-listing-grid__items grid-col-desk-1 grid-col-tablet-1 grid-col-mobile-1 jet-listing-grid--309\" data-queried-id=\"76|WP_Post\" data-nav=\"{&quot;enabled&quot;:true,&quot;type&quot;:&quot;click&quot;,&quot;more_el&quot;:&quot;#vermais&quot;,&quot;query&quot;:{&quot;post_status&quot;:[&quot;publish&quot;],&quot;post_type&quot;:&quot;_projetos&quot;,&quot;posts_per_page&quot;:&quot;6&quot;,&quot;paged&quot;:&quot;1&quot;,&quot;ignore_sticky_posts&quot;:&quot;1&quot;,&quot;suppress_filters&quot;:false,&quot;jet_smart_filters&quot;:&quot;jet-engine\\\/default&quot;},&quot;widget_settings&quot;:{&quot;lisitng_id&quot;:309,&quot;posts_num&quot;:6,&quot;columns&quot;:1,&quot;columns_tablet&quot;:1,&quot;columns_mobile&quot;:1,&quot;column_min_width&quot;:240,&quot;column_min_width_tablet&quot;:240,&quot;column_min_width_mobile&quot;:240,&quot;inline_columns_css&quot;:false,&quot;is_archive_template&quot;:&quot;&quot;,&quot;post_status&quot;:[&quot;publish&quot;],&quot;use_random_posts_num&quot;:&quot;&quot;,&quot;max_posts_num&quot;:9,&quot;not_found_message&quot;:&quot;Nenhum projeto encontrado&quot;,&quot;is_masonry&quot;:false,&quot;equal_columns_height&quot;:&quot;&quot;,&quot;use_load_more&quot;:&quot;yes&quot;,&quot;load_more_id&quot;:&quot;vermais&quot;,&quot;load_more_type&quot;:&quot;click&quot;,&quot;load_more_offset&quot;:{&quot;unit&quot;:&quot;px&quot;,&quot;size&quot;:0,&quot;sizes&quot;:[]},&quot;use_custom_post_types&quot;:&quot;&quot;,&quot;custom_post_types&quot;:[],&quot;hide_widget_if&quot;:&quot;&quot;,&quot;carousel_enabled&quot;:&quot;&quot;,&quot;slides_to_scroll&quot;:&quot;1&quot;,&quot;arrows&quot;:&quot;true&quot;,&quot;arrow_icon&quot;:&quot;fa fa-angle-left&quot;,&quot;dots&quot;:&quot;&quot;,&quot;autoplay&quot;:&quot;true&quot;,&quot;pause_on_hover&quot;:&quot;true&quot;,&quot;autoplay_speed&quot;:5000,&quot;infinite&quot;:&quot;true&quot;,&quot;center_mode&quot;:&quot;&quot;,&quot;effect&quot;:&quot;slide&quot;,&quot;speed&quot;:500,&quot;inject_alternative_items&quot;:&quot;&quot;,&quot;injection_items&quot;:[],&quot;scroll_slider_enabled&quot;:&quot;&quot;,&quot;scroll_slider_on&quot;:[&quot;desktop&quot;,&quot;tablet&quot;,&quot;mobile&quot;],&quot;custom_query&quot;:false,&quot;custom_query_id&quot;:&quot;&quot;,&quot;_element_id&quot;:&quot;&quot;,&quot;collapse_first_last_gap&quot;:false,&quot;list_tag_selection&quot;:&quot;&quot;,&quot;list_items_wrapper_tag&quot;:&quot;div&quot;,&quot;list_item_tag&quot;:&quot;div&quot;,&quot;empty_items_wrapper_tag&quot;:&quot;div&quot;}}\" data-page=\"1\" data-pages=\"2\" data-listing-source=\"posts\" data-listing-id=\"309\" data-query-id=\"\"><div class=\"jet-listing-grid__item jet-listing-dynamic-post-511\" data-post-id=\"511\"  ><style type=\"text\/css\">.jet-listing-dynamic-post-511 .elementor-element.elementor-element-6c97e98:not(.elementor-motion-effects-element-type-background), .jet-listing-dynamic-post-511 .elementor-element.elementor-element-6c97e98 > .elementor-motion-effects-container > .elementor-motion-effects-layer{background-image:url(\"https:\/\/danielbuche.com.br\/projeto\/upcultural\/wp-content\/uploads\/banner1.jpg\");}<\/style>\t\t<div data-elementor-type=\"jet-listing-items\" data-elementor-id=\"309\" class=\"elementor elementor-309\" data-elementor-post-type=\"jet-engine\">\n\t\t\t\t<div class=\"elementor-element elementor-element-023af3f e-con-full e-flex e-con e-parent\" data-id=\"023af3f\" data-element_type=\"container\">\n\t\t<div class=\"elementor-element elementor-element-6c97e98 e-con-full e-flex e-con e-child\" data-id=\"6c97e98\" data-element_type=\"container\" data-settings=\"{&quot;background_background&quot;:&quot;classic&quot;}\">\n\t\t\t\t<\/div>\n\t\t<div class=\"elementor-element elementor-element-d55c4f7 e-con-full e-flex e-con e-child\" data-id=\"d55c4f7\" data-element_type=\"container\">\n\t\t\t\t<div class=\"elementor-element elementor-element-cb40849 elementor-widget elementor-widget-heading\" data-id=\"cb40849\" data-element_type=\"widget\" data-widget_type=\"heading.default\">\n\t\t\t\t\t<h2 class=\"elementor-heading-title elementor-size-default\">M\u00fasica para ouvidos danSantes<\/h2>\t\t\t\t<\/div>\n\t\t\t\t<div class=\"elementor-element elementor-element-81213d5 elementor-widget elementor-widget-text-editor\" data-id=\"81213d5\" data-element_type=\"widget\" data-widget_type=\"text-editor.default\">\n\t\t\t\t\t\t\t\t\tO Bumba meu boi tem origem na Europa do s\u00e9culo XVI, mais especificamente na Pen\u00ednsula Ib\u00e9rica. Diz-se que havia um conto ib\u00e9rico de enredo muito semelhante ao da hist\u00f3ria da lenda do Bumba meu boi difundido no Brasil. Quando chegou ao territ\u00f3rio brasileiro, trazida pelos colonizadores portugueses, a hist\u00f3ria foi se modificando ao incluir alguns aspectos das culturas africana e ind\u00edgena. Foi durante o per\u00edodo colonial, com a escravid\u00e3o e a cria\u00e7\u00e3o de gado, que a lenda associada a essa manifesta\u00e7\u00e3o teve sua origem tal qual a conhecemos hoje.\t\t\t\t\t\t\t\t<\/div>\n\t\t\t\t<div class=\"elementor-element elementor-element-45f179b elementor-align-right elementor-widget elementor-widget-button\" data-id=\"45f179b\" data-element_type=\"widget\" data-widget_type=\"button.default\">\n\t\t\t\t\t\t\t\t\t\t<a class=\"elementor-button elementor-button-link elementor-size-sm\" href=\"https:\/\/danielbuche.com.br\/projeto\/upcultural\/_projetos\/musica-para-ouvidos-dansantes\/\">\n\t\t\t\t\t\t<span class=\"elementor-button-content-wrapper\">\n\t\t\t\t\t\t\t\t\t<span class=\"elementor-button-text\">Saiba mais<\/span>\n\t\t\t\t\t<\/span>\n\t\t\t\t\t<\/a>\n\t\t\t\t\t\t\t\t<\/div>\n\t\t\t\t<\/div>\n\t\t\t\t<\/div>\n\t\t\t\t<\/div>\n\t\t<\/div><div class=\"jet-listing-grid__item jet-listing-dynamic-post-497\" data-post-id=\"497\"  ><style type=\"text\/css\">.jet-listing-dynamic-post-497 .elementor-element.elementor-element-6c97e98:not(.elementor-motion-effects-element-type-background), .jet-listing-dynamic-post-497 .elementor-element.elementor-element-6c97e98 > .elementor-motion-effects-container > .elementor-motion-effects-layer{background-image:url(\"https:\/\/danielbuche.com.br\/projeto\/upcultural\/wp-content\/uploads\/banner03-5.jpg\");}<\/style>\t\t<div data-elementor-type=\"jet-listing-items\" data-elementor-id=\"309\" class=\"elementor elementor-309\" data-elementor-post-type=\"jet-engine\">\n\t\t\t\t<div class=\"elementor-element elementor-element-023af3f e-con-full e-flex e-con e-parent\" data-id=\"023af3f\" data-element_type=\"container\">\n\t\t<div class=\"elementor-element elementor-element-6c97e98 e-con-full e-flex e-con e-child\" data-id=\"6c97e98\" data-element_type=\"container\" data-settings=\"{&quot;background_background&quot;:&quot;classic&quot;}\">\n\t\t\t\t<\/div>\n\t\t<div class=\"elementor-element elementor-element-d55c4f7 e-con-full e-flex e-con e-child\" data-id=\"d55c4f7\" data-element_type=\"container\">\n\t\t\t\t<div class=\"elementor-element elementor-element-cb40849 elementor-widget elementor-widget-heading\" data-id=\"cb40849\" data-element_type=\"widget\" data-widget_type=\"heading.default\">\n\t\t\t\t\t<h2 class=\"elementor-heading-title elementor-size-default\">F\u00e1bulas, contos e ditos populares nas escolas: a condi\u00e7\u00e3o humana para as crian\u00e7as<\/h2>\t\t\t\t<\/div>\n\t\t\t\t<div class=\"elementor-element elementor-element-81213d5 elementor-widget elementor-widget-text-editor\" data-id=\"81213d5\" data-element_type=\"widget\" data-widget_type=\"text-editor.default\">\n\t\t\t\t\t\t\t\t\tAs f\u00e1bulas s\u00e3o hist\u00f3rias que trazem uma sabedoria atemporal e valiosas li\u00e7\u00f5es de vida. Cada f\u00e1bula apresenta personagens simples, como animais, que representam comportamentos humanos e mostram as consequ\u00eancias das nossas escolhas. Estas representa\u00e7\u00f5es, tais como f\u00e1bulas, contos e ditos populares, foram perdendo espa\u00e7o na forma\u00e7\u00e3o das crian\u00e7as e jovens.&#8217;\t\t\t\t\t\t\t\t<\/div>\n\t\t\t\t<div class=\"elementor-element elementor-element-45f179b elementor-align-right elementor-widget elementor-widget-button\" data-id=\"45f179b\" data-element_type=\"widget\" data-widget_type=\"button.default\">\n\t\t\t\t\t\t\t\t\t\t<a class=\"elementor-button elementor-button-link elementor-size-sm\" href=\"https:\/\/danielbuche.com.br\/projeto\/upcultural\/_projetos\/fabulas-contos-e-ditos-populares-nas-escolas-a-condicao-humana-para-as-criancas\/\">\n\t\t\t\t\t\t<span class=\"elementor-button-content-wrapper\">\n\t\t\t\t\t\t\t\t\t<span class=\"elementor-button-text\">Saiba mais<\/span>\n\t\t\t\t\t<\/span>\n\t\t\t\t\t<\/a>\n\t\t\t\t\t\t\t\t<\/div>\n\t\t\t\t<\/div>\n\t\t\t\t<\/div>\n\t\t\t\t<\/div>\n\t\t<\/div><div class=\"jet-listing-grid__item jet-listing-dynamic-post-491\" data-post-id=\"491\"  ><style type=\"text\/css\">.jet-listing-dynamic-post-491 .elementor-element.elementor-element-6c97e98:not(.elementor-motion-effects-element-type-background), .jet-listing-dynamic-post-491 .elementor-element.elementor-element-6c97e98 > .elementor-motion-effects-container > .elementor-motion-effects-layer{background-image:url(\"https:\/\/danielbuche.com.br\/projeto\/upcultural\/wp-content\/uploads\/banner01-7.jpg\");}<\/style>\t\t<div data-elementor-type=\"jet-listing-items\" data-elementor-id=\"309\" class=\"elementor elementor-309\" data-elementor-post-type=\"jet-engine\">\n\t\t\t\t<div class=\"elementor-element elementor-element-023af3f e-con-full e-flex e-con e-parent\" data-id=\"023af3f\" data-element_type=\"container\">\n\t\t<div class=\"elementor-element elementor-element-6c97e98 e-con-full e-flex e-con e-child\" data-id=\"6c97e98\" data-element_type=\"container\" data-settings=\"{&quot;background_background&quot;:&quot;classic&quot;}\">\n\t\t\t\t<\/div>\n\t\t<div class=\"elementor-element elementor-element-d55c4f7 e-con-full e-flex e-con e-child\" data-id=\"d55c4f7\" data-element_type=\"container\">\n\t\t\t\t<div class=\"elementor-element elementor-element-cb40849 elementor-widget elementor-widget-heading\" data-id=\"cb40849\" data-element_type=\"widget\" data-widget_type=\"heading.default\">\n\t\t\t\t\t<h2 class=\"elementor-heading-title elementor-size-default\">Quem \u00e9 Up? Quando a cultura te d\u00e1 asas<\/h2>\t\t\t\t<\/div>\n\t\t\t\t<div class=\"elementor-element elementor-element-81213d5 elementor-widget elementor-widget-text-editor\" data-id=\"81213d5\" data-element_type=\"widget\" data-widget_type=\"text-editor.default\">\n\t\t\t\t\t\t\t\t\tN\u00e3o estamos inventando a roda. Antes de n\u00f3s muitos foram Up, ou seja, muitos foram \u2018os que colheram rosas da moita espinhosa\u2019. N\u00f3s s\u00f3 estamos perseguindo os rastros destes gigantes. Aqui voc\u00ea encontrar\u00e1 os vest\u00edgios daqueles que foram e fizeram deles Up.\t\t\t\t\t\t\t\t<\/div>\n\t\t\t\t<div class=\"elementor-element elementor-element-45f179b elementor-align-right elementor-widget elementor-widget-button\" data-id=\"45f179b\" data-element_type=\"widget\" data-widget_type=\"button.default\">\n\t\t\t\t\t\t\t\t\t\t<a class=\"elementor-button elementor-button-link elementor-size-sm\" href=\"https:\/\/danielbuche.com.br\/projeto\/upcultural\/_projetos\/quem-e-up-quando-a-cultura-te-da-asas\/\">\n\t\t\t\t\t\t<span class=\"elementor-button-content-wrapper\">\n\t\t\t\t\t\t\t\t\t<span class=\"elementor-button-text\">Saiba mais<\/span>\n\t\t\t\t\t<\/span>\n\t\t\t\t\t<\/a>\n\t\t\t\t\t\t\t\t<\/div>\n\t\t\t\t<\/div>\n\t\t\t\t<\/div>\n\t\t\t\t<\/div>\n\t\t<\/div><div class=\"jet-listing-grid__item jet-listing-dynamic-post-486\" data-post-id=\"486\"  ><style type=\"text\/css\">.jet-listing-dynamic-post-486 .elementor-element.elementor-element-6c97e98:not(.elementor-motion-effects-element-type-background), .jet-listing-dynamic-post-486 .elementor-element.elementor-element-6c97e98 > .elementor-motion-effects-container > .elementor-motion-effects-layer{background-image:url(\"https:\/\/danielbuche.com.br\/projeto\/upcultural\/wp-content\/uploads\/banner01-5.jpg\");}<\/style>\t\t<div data-elementor-type=\"jet-listing-items\" data-elementor-id=\"309\" class=\"elementor elementor-309\" data-elementor-post-type=\"jet-engine\">\n\t\t\t\t<div class=\"elementor-element elementor-element-023af3f e-con-full e-flex e-con e-parent\" data-id=\"023af3f\" data-element_type=\"container\">\n\t\t<div class=\"elementor-element elementor-element-6c97e98 e-con-full e-flex e-con e-child\" data-id=\"6c97e98\" data-element_type=\"container\" data-settings=\"{&quot;background_background&quot;:&quot;classic&quot;}\">\n\t\t\t\t<\/div>\n\t\t<div class=\"elementor-element elementor-element-d55c4f7 e-con-full e-flex e-con e-child\" data-id=\"d55c4f7\" data-element_type=\"container\">\n\t\t\t\t<div class=\"elementor-element elementor-element-cb40849 elementor-widget elementor-widget-heading\" data-id=\"cb40849\" data-element_type=\"widget\" data-widget_type=\"heading.default\">\n\t\t\t\t\t<h2 class=\"elementor-heading-title elementor-size-default\">Era uma vez no sert\u00e3o do Paran\u00e1: Londrina no cinema<\/h2>\t\t\t\t<\/div>\n\t\t\t\t<div class=\"elementor-element elementor-element-81213d5 elementor-widget elementor-widget-text-editor\" data-id=\"81213d5\" data-element_type=\"widget\" data-widget_type=\"text-editor.default\">\n\t\t\t\t\t\t\t\t\tFomos ensinados desde pequenos a escutar as est\u00f3rias que come\u00e7avam com um \u2018era uma vez\u2019. Passamos, pouco a pouco, a cultuar a mem\u00f3ria de nossos antepassados porque foram eles que nos trouxeram at\u00e9 aqui. E n\u00f3s nos orgulhamos deles. Passamos a cultuar as est\u00f3rias, os ditos populares, contadas de gera\u00e7\u00e3o em gera\u00e7\u00e3o. Passamos a cultuar as nossas origens porque honrar os mortos dignifica os vivos.\t\t\t\t\t\t\t\t<\/div>\n\t\t\t\t<div class=\"elementor-element elementor-element-45f179b elementor-align-right elementor-widget elementor-widget-button\" data-id=\"45f179b\" data-element_type=\"widget\" data-widget_type=\"button.default\">\n\t\t\t\t\t\t\t\t\t\t<a class=\"elementor-button elementor-button-link elementor-size-sm\" href=\"https:\/\/danielbuche.com.br\/projeto\/upcultural\/_projetos\/era-uma-vez-no-sertao-do-parana-londrina-no-cinema\/\">\n\t\t\t\t\t\t<span class=\"elementor-button-content-wrapper\">\n\t\t\t\t\t\t\t\t\t<span class=\"elementor-button-text\">Saiba mais<\/span>\n\t\t\t\t\t<\/span>\n\t\t\t\t\t<\/a>\n\t\t\t\t\t\t\t\t<\/div>\n\t\t\t\t<\/div>\n\t\t\t\t<\/div>\n\t\t\t\t<\/div>\n\t\t<\/div><div class=\"jet-listing-grid__item jet-listing-dynamic-post-480\" data-post-id=\"480\"  ><style type=\"text\/css\">.jet-listing-dynamic-post-480 .elementor-element.elementor-element-6c97e98:not(.elementor-motion-effects-element-type-background), .jet-listing-dynamic-post-480 .elementor-element.elementor-element-6c97e98 > .elementor-motion-effects-container > .elementor-motion-effects-layer{background-image:url(\"https:\/\/danielbuche.com.br\/projeto\/upcultural\/wp-content\/uploads\/banner01-4.jpg\");}<\/style>\t\t<div data-elementor-type=\"jet-listing-items\" data-elementor-id=\"309\" class=\"elementor elementor-309\" data-elementor-post-type=\"jet-engine\">\n\t\t\t\t<div class=\"elementor-element elementor-element-023af3f e-con-full e-flex e-con e-parent\" data-id=\"023af3f\" data-element_type=\"container\">\n\t\t<div class=\"elementor-element elementor-element-6c97e98 e-con-full e-flex e-con e-child\" data-id=\"6c97e98\" data-element_type=\"container\" data-settings=\"{&quot;background_background&quot;:&quot;classic&quot;}\">\n\t\t\t\t<\/div>\n\t\t<div class=\"elementor-element elementor-element-d55c4f7 e-con-full e-flex e-con e-child\" data-id=\"d55c4f7\" data-element_type=\"container\">\n\t\t\t\t<div class=\"elementor-element elementor-element-cb40849 elementor-widget elementor-widget-heading\" data-id=\"cb40849\" data-element_type=\"widget\" data-widget_type=\"heading.default\">\n\t\t\t\t\t<h2 class=\"elementor-heading-title elementor-size-default\">Educa\u00e7\u00e3o: \u00e9tica em sala de aula<\/h2>\t\t\t\t<\/div>\n\t\t\t\t<div class=\"elementor-element elementor-element-81213d5 elementor-widget elementor-widget-text-editor\" data-id=\"81213d5\" data-element_type=\"widget\" data-widget_type=\"text-editor.default\">\n\t\t\t\t\t\t\t\t\tPelas m\u00e3os de um professor passa o m\u00e9dico, o advogado, o engenheiro e arquiteto. Al\u00e9m destas j\u00e1 citadas, o leiloeiro, o contador, o designer gr\u00e1fico e a enfermeira s\u00e3o todas profiss\u00f5es reconhecidas pelo Estado. Menos o professor. A m\u00e3e de todas as profiss\u00f5es \u00e9 a mais aviltada e desprezada pelo aparato do estado. Desejamos atrav\u00e9s deste curso de forma\u00e7\u00e3o docente chamar a aten\u00e7\u00e3o da sociedade e das autoridades para este grave problema.\t\t\t\t\t\t\t\t<\/div>\n\t\t\t\t<div class=\"elementor-element elementor-element-45f179b elementor-align-right elementor-widget elementor-widget-button\" data-id=\"45f179b\" data-element_type=\"widget\" data-widget_type=\"button.default\">\n\t\t\t\t\t\t\t\t\t\t<a class=\"elementor-button elementor-button-link elementor-size-sm\" href=\"https:\/\/danielbuche.com.br\/projeto\/upcultural\/_projetos\/educacao-etica-em-sala-de-aula\/\">\n\t\t\t\t\t\t<span class=\"elementor-button-content-wrapper\">\n\t\t\t\t\t\t\t\t\t<span class=\"elementor-button-text\">Saiba mais<\/span>\n\t\t\t\t\t<\/span>\n\t\t\t\t\t<\/a>\n\t\t\t\t\t\t\t\t<\/div>\n\t\t\t\t<\/div>\n\t\t\t\t<\/div>\n\t\t\t\t<\/div>\n\t\t<\/div><div class=\"jet-listing-grid__item jet-listing-dynamic-post-476\" data-post-id=\"476\"  ><style type=\"text\/css\">.jet-listing-dynamic-post-476 .elementor-element.elementor-element-6c97e98:not(.elementor-motion-effects-element-type-background), .jet-listing-dynamic-post-476 .elementor-element.elementor-element-6c97e98 > .elementor-motion-effects-container > .elementor-motion-effects-layer{background-image:url(\"https:\/\/danielbuche.com.br\/projeto\/upcultural\/wp-content\/uploads\/banner01-3.jpg\");}<\/style>\t\t<div data-elementor-type=\"jet-listing-items\" data-elementor-id=\"309\" class=\"elementor elementor-309\" data-elementor-post-type=\"jet-engine\">\n\t\t\t\t<div class=\"elementor-element elementor-element-023af3f e-con-full e-flex e-con e-parent\" data-id=\"023af3f\" data-element_type=\"container\">\n\t\t<div class=\"elementor-element elementor-element-6c97e98 e-con-full e-flex e-con e-child\" data-id=\"6c97e98\" data-element_type=\"container\" data-settings=\"{&quot;background_background&quot;:&quot;classic&quot;}\">\n\t\t\t\t<\/div>\n\t\t<div class=\"elementor-element elementor-element-d55c4f7 e-con-full e-flex e-con e-child\" data-id=\"d55c4f7\" data-element_type=\"container\">\n\t\t\t\t<div class=\"elementor-element elementor-element-cb40849 elementor-widget elementor-widget-heading\" data-id=\"cb40849\" data-element_type=\"widget\" data-widget_type=\"heading.default\">\n\t\t\t\t\t<h2 class=\"elementor-heading-title elementor-size-default\">Concertos para a juventude<\/h2>\t\t\t\t<\/div>\n\t\t\t\t<div class=\"elementor-element elementor-element-81213d5 elementor-widget elementor-widget-text-editor\" data-id=\"81213d5\" data-element_type=\"widget\" data-widget_type=\"text-editor.default\">\n\t\t\t\t\t\t\t\t\tA modernidade \u00e9 marcada por sua capacidade de conservar as tradi\u00e7\u00f5es ainda que submetidas \u00e0s releituras do contempor\u00e2neo.\t\t\t\t\t\t\t\t<\/div>\n\t\t\t\t<div class=\"elementor-element elementor-element-45f179b elementor-align-right elementor-widget elementor-widget-button\" data-id=\"45f179b\" data-element_type=\"widget\" data-widget_type=\"button.default\">\n\t\t\t\t\t\t\t\t\t\t<a class=\"elementor-button elementor-button-link elementor-size-sm\" href=\"https:\/\/danielbuche.com.br\/projeto\/upcultural\/_projetos\/concertos-para-a-juventude\/\">\n\t\t\t\t\t\t<span class=\"elementor-button-content-wrapper\">\n\t\t\t\t\t\t\t\t\t<span class=\"elementor-button-text\">Saiba mais<\/span>\n\t\t\t\t\t<\/span>\n\t\t\t\t\t<\/a>\n\t\t\t\t\t\t\t\t<\/div>\n\t\t\t\t<\/div>\n\t\t\t\t<\/div>\n\t\t\t\t<\/div>\n\t\t<\/div><\/div><\/div>\t\t\t\t<\/div>\n\t\t\t\t\t<\/div>\n\t\t\t\t<\/div>\n\t\t<div class=\"elementor-element elementor-element-b7e53ec e-flex e-con-boxed e-con e-parent\" data-id=\"b7e53ec\" data-element_type=\"container\">\n\t\t\t\t\t<div class=\"e-con-inner\">\n\t\t\t\t<div class=\"elementor-element elementor-element-bffb053 elementor-align-center elementor-widget elementor-widget-button\" data-id=\"bffb053\" data-element_type=\"widget\" id=\"vermais\" data-widget_type=\"button.default\">\n\t\t\t\t\t\t\t\t\t\t<a class=\"elementor-button elementor-button-link elementor-size-sm\" href=\"#\">\n\t\t\t\t\t\t<span class=\"elementor-button-content-wrapper\">\n\t\t\t\t\t\t\t\t\t<span class=\"elementor-button-text\">Ver mais<\/span>\n\t\t\t\t\t<\/span>\n\t\t\t\t\t<\/a>\n\t\t\t\t\t\t\t\t<\/div>\n\t\t\t\t\t<\/div>\n\t\t\t\t<\/div>\n\t\t\t\t<\/div>\n\t\t","protected":false},"excerpt":{"rendered":"<p>In\u00edcio Iniciativas que materializam nossa vis\u00e3o de mundo e nosso compromisso com a transforma\u00e7\u00e3o cultural da sociedade. Saiba mais Ver mais<\/p>\n","protected":false},"author":1,"featured_media":0,"parent":0,"menu_order":0,"comment_status":"closed","ping_status":"closed","template":"elementor_header_footer","meta":{"footnotes":""},"class_list":["post-76","page","type-page","status-publish","hentry"],"_links":{"self":[{"href":"https:\/\/danielbuche.com.br\/projeto\/upcultural\/wp-json\/wp\/v2\/pages\/76","targetHints":{"allow":["GET"]}}],"collection":[{"href":"https:\/\/danielbuche.com.br\/projeto\/upcultural\/wp-json\/wp\/v2\/pages"}],"about":[{"href":"https:\/\/danielbuche.com.br\/projeto\/upcultural\/wp-json\/wp\/v2\/types\/page"}],"author":[{"embeddable":true,"href":"https:\/\/danielbuche.com.br\/projeto\/upcultural\/wp-json\/wp\/v2\/users\/1"}],"replies":[{"embeddable":true,"href":"https:\/\/danielbuche.com.br\/projeto\/upcultural\/wp-json\/wp\/v2\/comments?post=76"}],"version-history":[{"count":16,"href":"https:\/\/danielbuche.com.br\/projeto\/upcultural\/wp-json\/wp\/v2\/pages\/76\/revisions"}],"predecessor-version":[{"id":324,"href":"https:\/\/danielbuche.com.br\/projeto\/upcultural\/wp-json\/wp\/v2\/pages\/76\/revisions\/324"}],"wp:attachment":[{"href":"https:\/\/danielbuche.com.br\/projeto\/upcultural\/wp-json\/wp\/v2\/media?parent=76"}],"curies":[{"name":"wp","href":"https:\/\/api.w.org\/{rel}","templated":true}]}}