{"id":74,"date":"2025-08-10T11:39:41","date_gmt":"2025-08-10T14:39:41","guid":{"rendered":"https:\/\/danielbuche.com.br\/projeto\/upcultural\/?page_id=74"},"modified":"2025-08-16T18:27:39","modified_gmt":"2025-08-16T21:27:39","slug":"parceiros","status":"publish","type":"page","link":"https:\/\/danielbuche.com.br\/projeto\/upcultural\/parceiros\/","title":{"rendered":"Parceiros"},"content":{"rendered":"\t\t<div data-elementor-type=\"wp-page\" data-elementor-id=\"74\" class=\"elementor elementor-74\" data-elementor-post-type=\"page\">\n\t\t\t\t<div class=\"elementor-element elementor-element-5ba64e1 e-flex e-con-boxed e-con e-parent\" data-id=\"5ba64e1\" data-element_type=\"container\" data-settings=\"{&quot;background_background&quot;:&quot;classic&quot;}\">\n\t\t\t\t\t<div class=\"e-con-inner\">\n\t\t\t\t<div class=\"elementor-element elementor-element-6c0702b elementor-icon-list--layout-inline elementor-align-center elementor-list-item-link-full_width elementor-widget elementor-widget-icon-list\" data-id=\"6c0702b\" data-element_type=\"widget\" data-widget_type=\"icon-list.default\">\n\t\t\t\t\t\t\t<ul class=\"elementor-icon-list-items elementor-inline-items\">\n\t\t\t\t\t\t\t<li class=\"elementor-icon-list-item elementor-inline-item\">\n\t\t\t\t\t\t\t\t\t\t\t<a href=\"https:\/\/danielbuche.com.br\/projeto\/upcultural\">\n\n\t\t\t\t\t\t\t\t\t\t\t<span class=\"elementor-icon-list-text\">In\u00edcio<\/span>\n\t\t\t\t\t\t\t\t\t\t\t<\/a>\n\t\t\t\t\t\t\t\t\t<\/li>\n\t\t\t\t\t\t\t\t<li class=\"elementor-icon-list-item elementor-inline-item\">\n\t\t\t\t\t\t\t\t\t\t\t<span class=\"elementor-icon-list-icon\">\n\t\t\t\t\t\t\t<svg aria-hidden=\"true\" class=\"e-font-icon-svg e-fas-angle-right\" viewBox=\"0 0 256 512\" xmlns=\"http:\/\/www.w3.org\/2000\/svg\"><path d=\"M224.3 273l-136 136c-9.4 9.4-24.6 9.4-33.9 0l-22.6-22.6c-9.4-9.4-9.4-24.6 0-33.9l96.4-96.4-96.4-96.4c-9.4-9.4-9.4-24.6 0-33.9L54.3 103c9.4-9.4 24.6-9.4 33.9 0l136 136c9.5 9.4 9.5 24.6.1 34z\"><\/path><\/svg>\t\t\t\t\t\t<\/span>\n\t\t\t\t\t\t\t\t\t\t<span class=\"elementor-icon-list-text\"><\/span>\n\t\t\t\t\t\t\t\t\t<\/li>\n\t\t\t\t\t\t\t\t<li class=\"elementor-icon-list-item elementor-inline-item\">\n\t\t\t\t\t\t\t\t\t\t<span class=\"elementor-icon-list-text\">Parceiros<\/span>\n\t\t\t\t\t\t\t\t\t<\/li>\n\t\t\t\t\t\t<\/ul>\n\t\t\t\t\t\t<\/div>\n\t\t\t\t<div class=\"elementor-element elementor-element-c5da39e elementor-widget elementor-widget-heading\" data-id=\"c5da39e\" data-element_type=\"widget\" data-widget_type=\"heading.default\">\n\t\t\t\t\t<h2 class=\"elementor-heading-title elementor-size-default\">Parceiros UP Cultural<\/h2>\t\t\t\t<\/div>\n\t\t\t\t<div class=\"elementor-element elementor-element-b6d12a3 elementor-widget__width-initial elementor-widget elementor-widget-text-editor\" data-id=\"b6d12a3\" data-element_type=\"widget\" data-widget_type=\"text-editor.default\">\n\t\t\t\t\t\t\t\t\t<p>Torne-se um parceiro do Instituto UP Cultural e ajude a transformar vidas por meio da arte, educa\u00e7\u00e3o e cultura!<\/p>\t\t\t\t\t\t\t\t<\/div>\n\t\t\t\t\t<\/div>\n\t\t\t\t<\/div>\n\t\t<div class=\"elementor-element elementor-element-292ceaa e-flex e-con-boxed e-con e-parent\" data-id=\"292ceaa\" data-element_type=\"container\">\n\t\t\t\t\t<div class=\"e-con-inner\">\n\t\t\t\t<div class=\"elementor-element elementor-element-9c2aa5c elementor-widget elementor-widget-heading\" data-id=\"9c2aa5c\" data-element_type=\"widget\" data-widget_type=\"heading.default\">\n\t\t\t\t\t<div class=\"elementor-heading-title elementor-size-default\">Parceiros<\/div>\t\t\t\t<\/div>\n\t\t\t\t<div class=\"elementor-element elementor-element-4ba21bc elementor-widget elementor-widget-heading\" data-id=\"4ba21bc\" data-element_type=\"widget\" data-widget_type=\"heading.default\">\n\t\t\t\t\t<h2 class=\"elementor-heading-title elementor-size-default\">Torne-se um fundador honor\u00e1rio do instituto upcultural<\/h2>\t\t\t\t<\/div>\n\t\t<div class=\"elementor-element elementor-element-64506c8 e-con-full e-flex e-con e-child\" data-id=\"64506c8\" data-element_type=\"container\">\n\t\t<div class=\"elementor-element elementor-element-778a582 e-con-full e-flex e-con e-child\" data-id=\"778a582\" data-element_type=\"container\">\n\t\t\t\t<div class=\"elementor-element elementor-element-74046b8 elementor-widget elementor-widget-text-editor\" data-id=\"74046b8\" data-element_type=\"widget\" data-widget_type=\"text-editor.default\">\n\t\t\t\t\t\t\t\t\t<p>O Instituto UpCultural nasceu para fortalecer a cultura em Londrina e convidamos voc\u00ea a fazer parte desta hist\u00f3ria como Fundador <br \/>Honor\u00e1rio.<\/p><p>Com uma contribui\u00e7\u00e3o \u00fanica, voc\u00ea ajuda a dar vida a este projeto transformador e ainda garante seu convite para o evento de lan\u00e7amento, que acontecer\u00e1 no dia:<\/p><p><strong>19 de setembro de 2025, \u00e0s 19h30, <\/strong><br \/><strong>Sesc Cadei\u00e3o \u2013 Londrina.<\/strong><\/p>\t\t\t\t\t\t\t\t<\/div>\n\t\t\t\t<\/div>\n\t\t<div class=\"elementor-element elementor-element-16be5f0 e-con-full e-flex e-con e-child\" data-id=\"16be5f0\" data-element_type=\"container\">\n\t\t\t\t<div class=\"elementor-element elementor-element-f5b029f elementor-widget elementor-widget-heading\" data-id=\"f5b029f\" data-element_type=\"widget\" data-widget_type=\"heading.default\">\n\t\t\t\t\t<div class=\"elementor-heading-title elementor-size-default\">Modalidades de contribui\u00e7\u00e3o:<\/div>\t\t\t\t<\/div>\n\t\t\t\t<div class=\"elementor-element elementor-element-e98dcd6 elementor-widget elementor-widget-text-editor\" data-id=\"e98dcd6\" data-element_type=\"widget\" data-widget_type=\"text-editor.default\">\n\t\t\t\t\t\t\t\t\t<p><strong>R$ 100,00<\/strong> \u2013 Voc\u00ea se torna Fundador Honor\u00e1rio, recebe 1 lembran\u00e7a especial e 1 convite para a noite de lan\u00e7amento.<\/p><p><strong>R$ 200,00<\/strong> \u2013 Voc\u00ea se torna Fundador Honor\u00e1rio, recebe 2 lembran\u00e7as especiais e 1 convite para a noite de lan\u00e7amento.<\/p><p><strong>PIX para contribui\u00e7\u00e3o:<\/strong><\/p>\t\t\t\t\t\t\t\t<\/div>\n\t\t\t\t<div class=\"elementor-element elementor-element-59a2250 elementor-position-left elementor-mobile-position-left elementor-view-default elementor-widget elementor-widget-icon-box\" data-id=\"59a2250\" data-element_type=\"widget\" data-widget_type=\"icon-box.default\">\n\t\t\t\t\t\t\t<div class=\"elementor-icon-box-wrapper\">\n\n\t\t\t\t\t\t<div class=\"elementor-icon-box-icon\">\n\t\t\t\t<span  class=\"elementor-icon\">\n\t\t\t\t<svg aria-hidden=\"true\" class=\"e-font-icon-svg e-fas-envelope\" viewBox=\"0 0 512 512\" xmlns=\"http:\/\/www.w3.org\/2000\/svg\"><path d=\"M502.3 190.8c3.9-3.1 9.7-.2 9.7 4.7V400c0 26.5-21.5 48-48 48H48c-26.5 0-48-21.5-48-48V195.6c0-5 5.7-7.8 9.7-4.7 22.4 17.4 52.1 39.5 154.1 113.6 21.1 15.4 56.7 47.8 92.2 47.6 35.7.3 72-32.8 92.3-47.6 102-74.1 131.6-96.3 154-113.7zM256 320c23.2.4 56.6-29.2 73.4-41.4 132.7-96.3 142.8-104.7 173.4-128.7 5.8-4.5 9.2-11.5 9.2-18.9v-19c0-26.5-21.5-48-48-48H48C21.5 64 0 85.5 0 112v19c0 7.4 3.4 14.3 9.2 18.9 30.6 23.9 40.7 32.4 173.4 128.7 16.8 12.2 50.2 41.8 73.4 41.4z\"><\/path><\/svg>\t\t\t\t<\/span>\n\t\t\t<\/div>\n\t\t\t\n\t\t\t\t\t\t<div class=\"elementor-icon-box-content\">\n\n\t\t\t\t\t\t\t\t\t<div class=\"elementor-icon-box-title\">\n\t\t\t\t\t\t<span  >\n\t\t\t\t\t\t\tupculturalondrina@gmail.com\t\t\t\t\t\t<\/span>\n\t\t\t\t\t<\/div>\n\t\t\t\t\n\t\t\t\t\n\t\t\t<\/div>\n\t\t\t\n\t\t<\/div>\n\t\t\t\t\t\t<\/div>\n\t\t\t\t<\/div>\n\t\t\t\t<\/div>\n\t\t\t\t\t<\/div>\n\t\t\t\t<\/div>\n\t\t<div class=\"elementor-element elementor-element-a483062 e-flex e-con-boxed e-con e-parent\" data-id=\"a483062\" data-element_type=\"container\">\n\t\t\t\t\t<div class=\"e-con-inner\">\n\t\t\t\t<div class=\"elementor-element elementor-element-10c3f6b elementor-widget-mobile__width-initial elementor-widget elementor-widget-image\" data-id=\"10c3f6b\" data-element_type=\"widget\" data-widget_type=\"image.default\">\n\t\t\t\t\t\t\t\t\t\t\t\t\t\t\t<img decoding=\"async\" width=\"172\" height=\"77\" src=\"https:\/\/danielbuche.com.br\/projeto\/upcultural\/wp-content\/uploads\/2025\/08\/09.png\" class=\"attachment-large size-large wp-image-238\" alt=\"\" \/>\t\t\t\t\t\t\t\t\t\t\t\t\t\t\t<\/div>\n\t\t\t\t<div class=\"elementor-element elementor-element-9eb713a elementor-widget-mobile__width-initial elementor-widget elementor-widget-image\" data-id=\"9eb713a\" data-element_type=\"widget\" data-widget_type=\"image.default\">\n\t\t\t\t\t\t\t\t\t\t\t\t\t\t\t<img decoding=\"async\" width=\"172\" height=\"77\" src=\"https:\/\/danielbuche.com.br\/projeto\/upcultural\/wp-content\/uploads\/2025\/08\/09.png\" class=\"attachment-large size-large wp-image-238\" alt=\"\" \/>\t\t\t\t\t\t\t\t\t\t\t\t\t\t\t<\/div>\n\t\t\t\t<div class=\"elementor-element elementor-element-66de8cd elementor-widget-mobile__width-initial elementor-widget elementor-widget-image\" data-id=\"66de8cd\" data-element_type=\"widget\" data-widget_type=\"image.default\">\n\t\t\t\t\t\t\t\t\t\t\t\t\t\t\t<img decoding=\"async\" width=\"172\" height=\"77\" src=\"https:\/\/danielbuche.com.br\/projeto\/upcultural\/wp-content\/uploads\/2025\/08\/09.png\" class=\"attachment-large size-large wp-image-238\" alt=\"\" \/>\t\t\t\t\t\t\t\t\t\t\t\t\t\t\t<\/div>\n\t\t\t\t<div class=\"elementor-element elementor-element-1a72ea2 elementor-widget-mobile__width-initial elementor-widget elementor-widget-image\" data-id=\"1a72ea2\" data-element_type=\"widget\" data-widget_type=\"image.default\">\n\t\t\t\t\t\t\t\t\t\t\t\t\t\t\t<img decoding=\"async\" width=\"172\" height=\"77\" src=\"https:\/\/danielbuche.com.br\/projeto\/upcultural\/wp-content\/uploads\/2025\/08\/09.png\" class=\"attachment-large size-large wp-image-238\" alt=\"\" \/>\t\t\t\t\t\t\t\t\t\t\t\t\t\t\t<\/div>\n\t\t\t\t<div class=\"elementor-element elementor-element-eac69c0 elementor-widget-mobile__width-initial elementor-widget elementor-widget-image\" data-id=\"eac69c0\" data-element_type=\"widget\" data-widget_type=\"image.default\">\n\t\t\t\t\t\t\t\t\t\t\t\t\t\t\t<img decoding=\"async\" width=\"172\" height=\"77\" src=\"https:\/\/danielbuche.com.br\/projeto\/upcultural\/wp-content\/uploads\/2025\/08\/09.png\" class=\"attachment-large size-large wp-image-238\" alt=\"\" \/>\t\t\t\t\t\t\t\t\t\t\t\t\t\t\t<\/div>\n\t\t\t\t<div class=\"elementor-element elementor-element-511034d elementor-widget-mobile__width-initial elementor-widget elementor-widget-image\" data-id=\"511034d\" data-element_type=\"widget\" data-widget_type=\"image.default\">\n\t\t\t\t\t\t\t\t\t\t\t\t\t\t\t<img decoding=\"async\" width=\"172\" height=\"77\" src=\"https:\/\/danielbuche.com.br\/projeto\/upcultural\/wp-content\/uploads\/2025\/08\/09.png\" class=\"attachment-large size-large wp-image-238\" alt=\"\" \/>\t\t\t\t\t\t\t\t\t\t\t\t\t\t\t<\/div>\n\t\t\t\t<div class=\"elementor-element elementor-element-b833cc1 elementor-widget-mobile__width-initial elementor-widget elementor-widget-image\" data-id=\"b833cc1\" data-element_type=\"widget\" data-widget_type=\"image.default\">\n\t\t\t\t\t\t\t\t\t\t\t\t\t\t\t<img decoding=\"async\" width=\"172\" height=\"77\" src=\"https:\/\/danielbuche.com.br\/projeto\/upcultural\/wp-content\/uploads\/2025\/08\/09.png\" class=\"attachment-large size-large wp-image-238\" alt=\"\" \/>\t\t\t\t\t\t\t\t\t\t\t\t\t\t\t<\/div>\n\t\t\t\t<div class=\"elementor-element elementor-element-a78f59d elementor-widget-mobile__width-initial elementor-widget elementor-widget-image\" data-id=\"a78f59d\" data-element_type=\"widget\" data-widget_type=\"image.default\">\n\t\t\t\t\t\t\t\t\t\t\t\t\t\t\t<img decoding=\"async\" width=\"172\" height=\"77\" src=\"https:\/\/danielbuche.com.br\/projeto\/upcultural\/wp-content\/uploads\/2025\/08\/09.png\" class=\"attachment-large size-large wp-image-238\" alt=\"\" \/>\t\t\t\t\t\t\t\t\t\t\t\t\t\t\t<\/div>\n\t\t\t\t<div class=\"elementor-element elementor-element-0c9494d elementor-widget-mobile__width-initial elementor-widget elementor-widget-image\" data-id=\"0c9494d\" data-element_type=\"widget\" data-widget_type=\"image.default\">\n\t\t\t\t\t\t\t\t\t\t\t\t\t\t\t<img decoding=\"async\" width=\"172\" height=\"77\" src=\"https:\/\/danielbuche.com.br\/projeto\/upcultural\/wp-content\/uploads\/2025\/08\/09.png\" class=\"attachment-large size-large wp-image-238\" alt=\"\" \/>\t\t\t\t\t\t\t\t\t\t\t\t\t\t\t<\/div>\n\t\t\t\t<div class=\"elementor-element elementor-element-bead80e elementor-widget-mobile__width-initial elementor-widget elementor-widget-image\" data-id=\"bead80e\" data-element_type=\"widget\" data-widget_type=\"image.default\">\n\t\t\t\t\t\t\t\t\t\t\t\t\t\t\t<img decoding=\"async\" width=\"172\" height=\"77\" src=\"https:\/\/danielbuche.com.br\/projeto\/upcultural\/wp-content\/uploads\/2025\/08\/09.png\" class=\"attachment-large size-large wp-image-238\" alt=\"\" \/>\t\t\t\t\t\t\t\t\t\t\t\t\t\t\t<\/div>\n\t\t\t\t<div class=\"elementor-element elementor-element-6fad57a elementor-widget-mobile__width-initial elementor-widget elementor-widget-image\" data-id=\"6fad57a\" data-element_type=\"widget\" data-widget_type=\"image.default\">\n\t\t\t\t\t\t\t\t\t\t\t\t\t\t\t<img decoding=\"async\" width=\"172\" height=\"77\" src=\"https:\/\/danielbuche.com.br\/projeto\/upcultural\/wp-content\/uploads\/2025\/08\/09.png\" class=\"attachment-large size-large wp-image-238\" alt=\"\" \/>\t\t\t\t\t\t\t\t\t\t\t\t\t\t\t<\/div>\n\t\t\t\t<div class=\"elementor-element elementor-element-bd1e58f elementor-widget-mobile__width-initial elementor-widget elementor-widget-image\" data-id=\"bd1e58f\" data-element_type=\"widget\" data-widget_type=\"image.default\">\n\t\t\t\t\t\t\t\t\t\t\t\t\t\t\t<img decoding=\"async\" width=\"172\" height=\"77\" src=\"https:\/\/danielbuche.com.br\/projeto\/upcultural\/wp-content\/uploads\/2025\/08\/09.png\" class=\"attachment-large size-large wp-image-238\" alt=\"\" \/>\t\t\t\t\t\t\t\t\t\t\t\t\t\t\t<\/div>\n\t\t\t\t\t<\/div>\n\t\t\t\t<\/div>\n\t\t\t\t<\/div>\n\t\t","protected":false},"excerpt":{"rendered":"<p>In\u00edcio Torne-se um parceiro do Instituto UP Cultural e ajude a transformar vidas por meio da arte, educa\u00e7\u00e3o e cultura! Parceiros Torne-se um fundador honor\u00e1rio do instituto upcultural O Instituto UpCultural nasceu para fortalecer a cultura em Londrina e convidamos voc\u00ea a fazer parte desta hist\u00f3ria como Fundador Honor\u00e1rio. Com uma contribui\u00e7\u00e3o \u00fanica, voc\u00ea ajuda [&hellip;]<\/p>\n","protected":false},"author":1,"featured_media":0,"parent":0,"menu_order":0,"comment_status":"closed","ping_status":"closed","template":"elementor_header_footer","meta":{"footnotes":""},"class_list":["post-74","page","type-page","status-publish","hentry"],"_links":{"self":[{"href":"https:\/\/danielbuche.com.br\/projeto\/upcultural\/wp-json\/wp\/v2\/pages\/74","targetHints":{"allow":["GET"]}}],"collection":[{"href":"https:\/\/danielbuche.com.br\/projeto\/upcultural\/wp-json\/wp\/v2\/pages"}],"about":[{"href":"https:\/\/danielbuche.com.br\/projeto\/upcultural\/wp-json\/wp\/v2\/types\/page"}],"author":[{"embeddable":true,"href":"https:\/\/danielbuche.com.br\/projeto\/upcultural\/wp-json\/wp\/v2\/users\/1"}],"replies":[{"embeddable":true,"href":"https:\/\/danielbuche.com.br\/projeto\/upcultural\/wp-json\/wp\/v2\/comments?post=74"}],"version-history":[{"count":28,"href":"https:\/\/danielbuche.com.br\/projeto\/upcultural\/wp-json\/wp\/v2\/pages\/74\/revisions"}],"predecessor-version":[{"id":250,"href":"https:\/\/danielbuche.com.br\/projeto\/upcultural\/wp-json\/wp\/v2\/pages\/74\/revisions\/250"}],"wp:attachment":[{"href":"https:\/\/danielbuche.com.br\/projeto\/upcultural\/wp-json\/wp\/v2\/media?parent=74"}],"curies":[{"name":"wp","href":"https:\/\/api.w.org\/{rel}","templated":true}]}}