{"id":70,"date":"2025-08-10T11:38:04","date_gmt":"2025-08-10T14:38:04","guid":{"rendered":"https:\/\/danielbuche.com.br\/projeto\/upcultural\/?page_id=70"},"modified":"2025-08-17T17:55:49","modified_gmt":"2025-08-17T20:55:49","slug":"galeria","status":"publish","type":"page","link":"https:\/\/danielbuche.com.br\/projeto\/upcultural\/galeria\/","title":{"rendered":"Galeria"},"content":{"rendered":"\t\t<div data-elementor-type=\"wp-page\" data-elementor-id=\"70\" class=\"elementor elementor-70\" data-elementor-post-type=\"page\">\n\t\t\t\t<div class=\"elementor-element elementor-element-da8f3a5 e-flex e-con-boxed e-con e-parent\" data-id=\"da8f3a5\" data-element_type=\"container\" data-settings=\"{&quot;background_background&quot;:&quot;classic&quot;}\">\n\t\t\t\t\t<div class=\"e-con-inner\">\n\t\t\t\t<div class=\"elementor-element elementor-element-ca984e9 elementor-icon-list--layout-inline elementor-align-center elementor-list-item-link-full_width elementor-widget elementor-widget-icon-list\" data-id=\"ca984e9\" data-element_type=\"widget\" data-widget_type=\"icon-list.default\">\n\t\t\t\t\t\t\t<ul class=\"elementor-icon-list-items elementor-inline-items\">\n\t\t\t\t\t\t\t<li class=\"elementor-icon-list-item elementor-inline-item\">\n\t\t\t\t\t\t\t\t\t\t\t<a href=\"https:\/\/danielbuche.com.br\/projeto\/upcultural\">\n\n\t\t\t\t\t\t\t\t\t\t\t<span class=\"elementor-icon-list-text\">In\u00edcio<\/span>\n\t\t\t\t\t\t\t\t\t\t\t<\/a>\n\t\t\t\t\t\t\t\t\t<\/li>\n\t\t\t\t\t\t\t\t<li class=\"elementor-icon-list-item elementor-inline-item\">\n\t\t\t\t\t\t\t\t\t\t\t<span class=\"elementor-icon-list-icon\">\n\t\t\t\t\t\t\t<svg aria-hidden=\"true\" class=\"e-font-icon-svg e-fas-angle-right\" viewBox=\"0 0 256 512\" xmlns=\"http:\/\/www.w3.org\/2000\/svg\"><path d=\"M224.3 273l-136 136c-9.4 9.4-24.6 9.4-33.9 0l-22.6-22.6c-9.4-9.4-9.4-24.6 0-33.9l96.4-96.4-96.4-96.4c-9.4-9.4-9.4-24.6 0-33.9L54.3 103c9.4-9.4 24.6-9.4 33.9 0l136 136c9.5 9.4 9.5 24.6.1 34z\"><\/path><\/svg>\t\t\t\t\t\t<\/span>\n\t\t\t\t\t\t\t\t\t\t<span class=\"elementor-icon-list-text\"><\/span>\n\t\t\t\t\t\t\t\t\t<\/li>\n\t\t\t\t\t\t\t\t<li class=\"elementor-icon-list-item elementor-inline-item\">\n\t\t\t\t\t\t\t\t\t\t<span class=\"elementor-icon-list-text\">Galeria<\/span>\n\t\t\t\t\t\t\t\t\t<\/li>\n\t\t\t\t\t\t<\/ul>\n\t\t\t\t\t\t<\/div>\n\t\t\t\t<div class=\"elementor-element elementor-element-d0eebd8 elementor-widget elementor-widget-heading\" data-id=\"d0eebd8\" data-element_type=\"widget\" data-widget_type=\"heading.default\">\n\t\t\t\t\t<h2 class=\"elementor-heading-title elementor-size-default\">Galeria<\/h2>\t\t\t\t<\/div>\n\t\t\t\t<div class=\"elementor-element elementor-element-aece296 elementor-widget__width-initial elementor-widget elementor-widget-text-editor\" data-id=\"aece296\" data-element_type=\"widget\" data-widget_type=\"text-editor.default\">\n\t\t\t\t\t\t\t\t\t<p>Momentos que capturam a ess\u00eancia de nossa jornada cultural e os encontros que transformam vidas.<\/p>\t\t\t\t\t\t\t\t<\/div>\n\t\t\t\t\t<\/div>\n\t\t\t\t<\/div>\n\t\t<div class=\"elementor-element elementor-element-e30c7eb e-flex e-con-boxed e-con e-parent\" data-id=\"e30c7eb\" data-element_type=\"container\">\n\t\t\t\t\t<div class=\"e-con-inner\">\n\t\t\t\t<div class=\"elementor-element elementor-element-c243d67 elementor-widget elementor-widget-jet-smart-filters-color-image\" data-id=\"c243d67\" data-element_type=\"widget\" data-widget_type=\"jet-smart-filters-color-image.default\">\n\t\t\t\t<div class=\"elementor-widget-container\">\n\t\t\t\t\t<div class=\"jet-smart-filters-color-image jet-filter \" data-indexer-rule=\"show\" data-show-counter=\"\" data-change-counter=\"always\"><div class=\"jet-color-image-list\" data-query-type=\"tax_query\" data-query-var=\"_albuns\" data-smart-filter=\"color-image\" data-filter-id=\"402\" data-apply-type=\"ajax\" data-content-provider=\"jet-engine\" data-additional-providers=\"\" data-query-id=\"default\" data-active-label=\"Filtro de Galeria\" data-layout-options=\"{&quot;show_label&quot;:&quot;&quot;,&quot;display_options&quot;:{&quot;show_items_label&quot;:&quot;yes&quot;,&quot;show_decorator&quot;:false,&quot;filter_image_size&quot;:&quot;full&quot;,&quot;show_counter&quot;:false}}\" data-query-var-suffix=\"\" data-apply-on=\"value\"><form class=\"jet-color-image-list-wrapper\"><fieldset><legend style=\"display:none;\">Filtro de Galeria<\/legend><div class=\"jet-color-image-list__row jet-filter-row\">\n\t<label class=\"jet-color-image-list__item\" >\n\t\t<input\n\t\t\ttype=\"radio\"\n\t\t\tclass=\"jet-color-image-list__input\"\n\t\t\tname=\"_albuns\"\n\t\t\tvalue=\"10\"\n\t\t\tdata-label=\"Todos\"\n\t\t\t\t\t\taria-label=\"Todos\"\n\t\t\t\t\t>\n\t\t<div class=\"jet-color-image-list__button\">\n\t\t\t\t\t\t\t<span class=\"jet-color-image-list__decorator\">\n\t\t\t\t\t\t\t\t\t\t\t\t\t\t<\/span>\n\t\t\t\t\t\t\t\t\t\t<span class=\"jet-color-image-list__label\">Todos<\/span>\n\t\t\t\t\t\t\t\t<\/div>\n\t<\/label>\n<\/div><\/fieldset><\/form><\/div>\n<\/div>\t\t\t\t<\/div>\n\t\t\t\t<\/div>\n\t\t\t\t<div class=\"elementor-element elementor-element-5f3d037 elementor-widget elementor-widget-jet-listing-grid\" data-id=\"5f3d037\" data-element_type=\"widget\" data-settings=\"{&quot;columns&quot;:3,&quot;columns_tablet&quot;:&quot;2&quot;,&quot;columns_mobile&quot;:&quot;2&quot;}\" data-widget_type=\"jet-listing-grid.default\">\n\t\t\t\t\t<div class=\"jet-listing-grid jet-listing\"><div class=\"jet-listing-grid__items grid-col-desk-3 grid-col-tablet-2 grid-col-mobile-2 jet-listing-grid--367\" data-queried-id=\"70|WP_Post\" data-nav=\"{&quot;enabled&quot;:true,&quot;type&quot;:&quot;click&quot;,&quot;more_el&quot;:&quot;#vermais&quot;,&quot;query&quot;:{&quot;post_status&quot;:[&quot;publish&quot;],&quot;post_type&quot;:&quot;_galeria&quot;,&quot;posts_per_page&quot;:&quot;9&quot;,&quot;paged&quot;:&quot;1&quot;,&quot;ignore_sticky_posts&quot;:&quot;1&quot;,&quot;suppress_filters&quot;:false,&quot;jet_smart_filters&quot;:&quot;jet-engine\\\/default&quot;},&quot;widget_settings&quot;:{&quot;lisitng_id&quot;:367,&quot;posts_num&quot;:9,&quot;columns&quot;:3,&quot;columns_tablet&quot;:2,&quot;columns_mobile&quot;:2,&quot;column_min_width&quot;:240,&quot;column_min_width_tablet&quot;:240,&quot;column_min_width_mobile&quot;:240,&quot;inline_columns_css&quot;:false,&quot;is_archive_template&quot;:&quot;&quot;,&quot;post_status&quot;:[&quot;publish&quot;],&quot;use_random_posts_num&quot;:&quot;&quot;,&quot;max_posts_num&quot;:9,&quot;not_found_message&quot;:&quot;Nenhum \\u00e1lbum encontrado&quot;,&quot;is_masonry&quot;:false,&quot;equal_columns_height&quot;:&quot;&quot;,&quot;use_load_more&quot;:&quot;yes&quot;,&quot;load_more_id&quot;:&quot;vermais&quot;,&quot;load_more_type&quot;:&quot;click&quot;,&quot;load_more_offset&quot;:{&quot;unit&quot;:&quot;px&quot;,&quot;size&quot;:0,&quot;sizes&quot;:[]},&quot;use_custom_post_types&quot;:&quot;&quot;,&quot;custom_post_types&quot;:[],&quot;hide_widget_if&quot;:&quot;&quot;,&quot;carousel_enabled&quot;:&quot;&quot;,&quot;slides_to_scroll&quot;:&quot;1&quot;,&quot;arrows&quot;:&quot;true&quot;,&quot;arrow_icon&quot;:&quot;fa fa-angle-left&quot;,&quot;dots&quot;:&quot;&quot;,&quot;autoplay&quot;:&quot;true&quot;,&quot;pause_on_hover&quot;:&quot;true&quot;,&quot;autoplay_speed&quot;:5000,&quot;infinite&quot;:&quot;true&quot;,&quot;center_mode&quot;:&quot;&quot;,&quot;effect&quot;:&quot;slide&quot;,&quot;speed&quot;:500,&quot;inject_alternative_items&quot;:&quot;&quot;,&quot;injection_items&quot;:[],&quot;scroll_slider_enabled&quot;:&quot;&quot;,&quot;scroll_slider_on&quot;:[&quot;desktop&quot;,&quot;tablet&quot;,&quot;mobile&quot;],&quot;custom_query&quot;:false,&quot;custom_query_id&quot;:&quot;&quot;,&quot;_element_id&quot;:&quot;&quot;,&quot;collapse_first_last_gap&quot;:false,&quot;list_tag_selection&quot;:&quot;&quot;,&quot;list_items_wrapper_tag&quot;:&quot;div&quot;,&quot;list_item_tag&quot;:&quot;div&quot;,&quot;empty_items_wrapper_tag&quot;:&quot;div&quot;}}\" data-page=\"1\" data-pages=\"1\" data-listing-source=\"posts\" data-listing-id=\"367\" data-query-id=\"\"><div class=\"jet-listing-grid__item jet-listing-dynamic-post-534\" data-post-id=\"534\"  ><style type=\"text\/css\">.jet-listing-dynamic-post-534 .elementor-element.elementor-element-531e8af:not(.elementor-motion-effects-element-type-background), .jet-listing-dynamic-post-534 .elementor-element.elementor-element-531e8af > .elementor-motion-effects-container > .elementor-motion-effects-layer{background-image:url(\"https:\/\/danielbuche.com.br\/projeto\/upcultural\/wp-content\/uploads\/fotos-3-scaled.jpeg\");}<\/style><div class=\"jet-engine-listing-overlay-wrap\" data-url=\"https:\/\/danielbuche.com.br\/projeto\/upcultural\/_galeria\/encontro-com-o-secretario-municipal-da-cultura-de-londrina-marcao-kareca-para-apresentar-o-instituto-upcultural\/\">\t\t<div data-elementor-type=\"jet-listing-items\" data-elementor-id=\"367\" class=\"elementor elementor-367\" data-elementor-post-type=\"jet-engine\">\n\t\t\t\t<div class=\"elementor-element elementor-element-531e8af e-con-full e-flex e-con e-parent\" data-id=\"531e8af\" data-element_type=\"container\" data-settings=\"{&quot;background_background&quot;:&quot;classic&quot;}\">\n\t\t\t\t<\/div>\n\t\t\t\t<\/div>\n\t\t<a href=\"https:\/\/danielbuche.com.br\/projeto\/upcultural\/_galeria\/encontro-com-o-secretario-municipal-da-cultura-de-londrina-marcao-kareca-para-apresentar-o-instituto-upcultural\/\" class=\"jet-engine-listing-overlay-link\"><\/a><\/div><\/div><div class=\"jet-listing-grid__item jet-listing-dynamic-post-533\" data-post-id=\"533\"  ><style type=\"text\/css\">.jet-listing-dynamic-post-533 .elementor-element.elementor-element-531e8af:not(.elementor-motion-effects-element-type-background), .jet-listing-dynamic-post-533 .elementor-element.elementor-element-531e8af > .elementor-motion-effects-container > .elementor-motion-effects-layer{background-image:url(\"https:\/\/danielbuche.com.br\/projeto\/upcultural\/wp-content\/uploads\/foto-1.jpeg\");}<\/style><div class=\"jet-engine-listing-overlay-wrap\" data-url=\"https:\/\/danielbuche.com.br\/projeto\/upcultural\/_galeria\/reuniao-de-desenvolvimento-do-projeto-familias-italianas-pioneiras-em-londrina\/\">\t\t<div data-elementor-type=\"jet-listing-items\" data-elementor-id=\"367\" class=\"elementor elementor-367\" data-elementor-post-type=\"jet-engine\">\n\t\t\t\t<div class=\"elementor-element elementor-element-531e8af e-con-full e-flex e-con e-parent\" data-id=\"531e8af\" data-element_type=\"container\" data-settings=\"{&quot;background_background&quot;:&quot;classic&quot;}\">\n\t\t\t\t<\/div>\n\t\t\t\t<\/div>\n\t\t<a href=\"https:\/\/danielbuche.com.br\/projeto\/upcultural\/_galeria\/reuniao-de-desenvolvimento-do-projeto-familias-italianas-pioneiras-em-londrina\/\" class=\"jet-engine-listing-overlay-link\"><\/a><\/div><\/div><\/div><\/div>\t\t\t\t<\/div>\n\t\t\t\t\t<\/div>\n\t\t\t\t<\/div>\n\t\t<div class=\"elementor-element elementor-element-d428659 e-flex e-con-boxed e-con e-parent\" data-id=\"d428659\" data-element_type=\"container\">\n\t\t\t\t\t<div class=\"e-con-inner\">\n\t\t\t\t<div class=\"elementor-element elementor-element-9bbf834 elementor-align-center elementor-widget elementor-widget-button\" data-id=\"9bbf834\" data-element_type=\"widget\" id=\"vermais\" data-widget_type=\"button.default\">\n\t\t\t\t\t\t\t\t\t\t<a class=\"elementor-button elementor-button-link elementor-size-sm\" href=\"#\">\n\t\t\t\t\t\t<span class=\"elementor-button-content-wrapper\">\n\t\t\t\t\t\t\t\t\t<span class=\"elementor-button-text\">Ver mais<\/span>\n\t\t\t\t\t<\/span>\n\t\t\t\t\t<\/a>\n\t\t\t\t\t\t\t\t<\/div>\n\t\t\t\t\t<\/div>\n\t\t\t\t<\/div>\n\t\t<div class=\"elementor-element elementor-element-80db9f3 e-flex e-con-boxed e-con e-parent\" data-id=\"80db9f3\" data-element_type=\"container\">\n\t\t\t\t\t<div class=\"e-con-inner\">\n\t\t<div class=\"elementor-element elementor-element-df012a3 e-con-full e-flex e-con e-child\" data-id=\"df012a3\" data-element_type=\"container\">\n\t\t\t\t<div class=\"elementor-element elementor-element-b31df68 elementor-widget elementor-widget-counter\" data-id=\"b31df68\" data-element_type=\"widget\" data-widget_type=\"counter.default\">\n\t\t\t\t\t\t\t<div class=\"elementor-counter\">\n\t\t\t<div class=\"elementor-counter-title\">Eventos Realizados<\/div>\t\t\t<div class=\"elementor-counter-number-wrapper\">\n\t\t\t\t<span class=\"elementor-counter-number-prefix\"><\/span>\n\t\t\t\t<span class=\"elementor-counter-number\" data-duration=\"2000\" data-to-value=\"150\" data-from-value=\"0\" data-delimiter=\",\">0<\/span>\n\t\t\t\t<span class=\"elementor-counter-number-suffix\">+<\/span>\n\t\t\t<\/div>\n\t\t<\/div>\n\t\t\t\t\t\t<\/div>\n\t\t\t\t<\/div>\n\t\t<div class=\"elementor-element elementor-element-a78d51f e-con-full e-flex e-con e-child\" data-id=\"a78d51f\" data-element_type=\"container\">\n\t\t\t\t<div class=\"elementor-element elementor-element-0fba546 elementor-widget elementor-widget-counter\" data-id=\"0fba546\" data-element_type=\"widget\" data-widget_type=\"counter.default\">\n\t\t\t\t\t\t\t<div class=\"elementor-counter\">\n\t\t\t<div class=\"elementor-counter-title\">Projetos Ativos<\/div>\t\t\t<div class=\"elementor-counter-number-wrapper\">\n\t\t\t\t<span class=\"elementor-counter-number-prefix\"><\/span>\n\t\t\t\t<span class=\"elementor-counter-number\" data-duration=\"2000\" data-to-value=\"25\" data-from-value=\"0\" data-delimiter=\",\">0<\/span>\n\t\t\t\t<span class=\"elementor-counter-number-suffix\"><\/span>\n\t\t\t<\/div>\n\t\t<\/div>\n\t\t\t\t\t\t<\/div>\n\t\t\t\t<\/div>\n\t\t<div class=\"elementor-element elementor-element-4ce1071 e-con-full e-flex e-con e-child\" data-id=\"4ce1071\" data-element_type=\"container\">\n\t\t\t\t<div class=\"elementor-element elementor-element-41e4c54 elementor-widget elementor-widget-counter\" data-id=\"41e4c54\" data-element_type=\"widget\" data-widget_type=\"counter.default\">\n\t\t\t\t\t\t\t<div class=\"elementor-counter\">\n\t\t\t<div class=\"elementor-counter-title\">Vidas Tocadas<\/div>\t\t\t<div class=\"elementor-counter-number-wrapper\">\n\t\t\t\t<span class=\"elementor-counter-number-prefix\"><\/span>\n\t\t\t\t<span class=\"elementor-counter-number\" data-duration=\"2000\" data-to-value=\"5000\" data-from-value=\"0\">0<\/span>\n\t\t\t\t<span class=\"elementor-counter-number-suffix\">+<\/span>\n\t\t\t<\/div>\n\t\t<\/div>\n\t\t\t\t\t\t<\/div>\n\t\t\t\t<\/div>\n\t\t<div class=\"elementor-element elementor-element-038dd95 e-con-full e-flex e-con e-child\" data-id=\"038dd95\" data-element_type=\"container\">\n\t\t\t\t<div class=\"elementor-element elementor-element-fcb814f elementor-widget elementor-widget-counter\" data-id=\"fcb814f\" data-element_type=\"widget\" data-widget_type=\"counter.default\">\n\t\t\t\t\t\t\t<div class=\"elementor-counter\">\n\t\t\t<div class=\"elementor-counter-title\">Anos de Hist\u00f3ria<\/div>\t\t\t<div class=\"elementor-counter-number-wrapper\">\n\t\t\t\t<span class=\"elementor-counter-number-prefix\"><\/span>\n\t\t\t\t<span class=\"elementor-counter-number\" data-duration=\"2000\" data-to-value=\"3\" data-from-value=\"0\" data-delimiter=\",\">0<\/span>\n\t\t\t\t<span class=\"elementor-counter-number-suffix\"><\/span>\n\t\t\t<\/div>\n\t\t<\/div>\n\t\t\t\t\t\t<\/div>\n\t\t\t\t<\/div>\n\t\t\t\t\t<\/div>\n\t\t\t\t<\/div>\n\t\t<div class=\"elementor-element elementor-element-9ccf5ca e-flex e-con-boxed e-con e-parent\" data-id=\"9ccf5ca\" data-element_type=\"container\">\n\t\t\t\t\t<div class=\"e-con-inner\">\n\t\t\t\t<div class=\"elementor-element elementor-element-eb0a26f elementor-widget elementor-widget-heading\" data-id=\"eb0a26f\" data-element_type=\"widget\" data-widget_type=\"heading.default\">\n\t\t\t\t\t<h2 class=\"elementor-heading-title elementor-size-default\">Fa\u00e7a Parte da Nossa Hist\u00f3ria<\/h2>\t\t\t\t<\/div>\n\t\t<div class=\"elementor-element elementor-element-3581de0 e-con-full e-flex e-con e-child\" data-id=\"3581de0\" data-element_type=\"container\">\n\t\t\t\t<div class=\"elementor-element elementor-element-2ef1d7d elementor-widget__width-initial elementor-widget elementor-widget-text-editor\" data-id=\"2ef1d7d\" data-element_type=\"widget\" data-widget_type=\"text-editor.default\">\n\t\t\t\t\t\t\t\t\t<p>Cada imagem desta galeria representa um momento de transforma\u00e7\u00e3o, um encontro que mudou vidas. Venha criar novos momentos conosco.<\/p>\t\t\t\t\t\t\t\t<\/div>\n\t\t<div class=\"elementor-element elementor-element-dbce481 e-con-full e-flex e-con e-child\" data-id=\"dbce481\" data-element_type=\"container\">\n\t\t\t\t<div class=\"elementor-element elementor-element-cf8f582 elementor-widget elementor-widget-button\" data-id=\"cf8f582\" data-element_type=\"widget\" data-widget_type=\"button.default\">\n\t\t\t\t\t\t\t\t\t\t<a class=\"elementor-button elementor-button-link elementor-size-sm\" href=\"https:\/\/danielbuche.com.br\/projeto\/upcultural\/eventos\/\">\n\t\t\t\t\t\t<span class=\"elementor-button-content-wrapper\">\n\t\t\t\t\t\t\t\t\t<span class=\"elementor-button-text\">Pr\u00f3ximos Eventos<\/span>\n\t\t\t\t\t<\/span>\n\t\t\t\t\t<\/a>\n\t\t\t\t\t\t\t\t<\/div>\n\t\t\t\t<div class=\"elementor-element elementor-element-a82ee41 elementor-widget elementor-widget-button\" data-id=\"a82ee41\" data-element_type=\"widget\" data-widget_type=\"button.default\">\n\t\t\t\t\t\t\t\t\t\t<a class=\"elementor-button elementor-button-link elementor-size-sm\" href=\"https:\/\/danielbuche.com.br\/projeto\/upcultural\/contato\/\">\n\t\t\t\t\t\t<span class=\"elementor-button-content-wrapper\">\n\t\t\t\t\t\t\t\t\t<span class=\"elementor-button-text\">Entre em Contato<\/span>\n\t\t\t\t\t<\/span>\n\t\t\t\t\t<\/a>\n\t\t\t\t\t\t\t\t<\/div>\n\t\t\t\t<\/div>\n\t\t\t\t<\/div>\n\t\t\t\t\t<\/div>\n\t\t\t\t<\/div>\n\t\t\t\t<\/div>\n\t\t","protected":false},"excerpt":{"rendered":"<p>In\u00edcio Momentos que capturam a ess\u00eancia de nossa jornada cultural e os encontros que transformam vidas. Filtro de Galeria Todos Projetos Espa\u00e7os Arte Ver mais Eventos Realizados 0 + Projetos Ativos 0 Vidas Tocadas 0 + Anos de Hist\u00f3ria 0 Fa\u00e7a Parte da Nossa Hist\u00f3ria Cada imagem desta galeria representa um momento de transforma\u00e7\u00e3o, um [&hellip;]<\/p>\n","protected":false},"author":1,"featured_media":0,"parent":0,"menu_order":0,"comment_status":"closed","ping_status":"closed","template":"elementor_header_footer","meta":{"footnotes":""},"class_list":["post-70","page","type-page","status-publish","hentry"],"_links":{"self":[{"href":"https:\/\/danielbuche.com.br\/projeto\/upcultural\/wp-json\/wp\/v2\/pages\/70","targetHints":{"allow":["GET"]}}],"collection":[{"href":"https:\/\/danielbuche.com.br\/projeto\/upcultural\/wp-json\/wp\/v2\/pages"}],"about":[{"href":"https:\/\/danielbuche.com.br\/projeto\/upcultural\/wp-json\/wp\/v2\/types\/page"}],"author":[{"embeddable":true,"href":"https:\/\/danielbuche.com.br\/projeto\/upcultural\/wp-json\/wp\/v2\/users\/1"}],"replies":[{"embeddable":true,"href":"https:\/\/danielbuche.com.br\/projeto\/upcultural\/wp-json\/wp\/v2\/comments?post=70"}],"version-history":[{"count":34,"href":"https:\/\/danielbuche.com.br\/projeto\/upcultural\/wp-json\/wp\/v2\/pages\/70\/revisions"}],"predecessor-version":[{"id":408,"href":"https:\/\/danielbuche.com.br\/projeto\/upcultural\/wp-json\/wp\/v2\/pages\/70\/revisions\/408"}],"wp:attachment":[{"href":"https:\/\/danielbuche.com.br\/projeto\/upcultural\/wp-json\/wp\/v2\/media?parent=70"}],"curies":[{"name":"wp","href":"https:\/\/api.w.org\/{rel}","templated":true}]}}