{"id":176,"date":"2025-08-11T06:46:26","date_gmt":"2025-08-11T09:46:26","guid":{"rendered":"https:\/\/danielbuche.com.br\/projeto\/upcultural\/?page_id=176"},"modified":"2025-08-30T16:56:16","modified_gmt":"2025-08-30T19:56:16","slug":"sobre","status":"publish","type":"page","link":"https:\/\/danielbuche.com.br\/projeto\/upcultural\/sobre\/","title":{"rendered":"Sobre"},"content":{"rendered":"\t\t<div data-elementor-type=\"wp-page\" data-elementor-id=\"176\" class=\"elementor elementor-176\" data-elementor-post-type=\"page\">\n\t\t\t\t<div class=\"elementor-element elementor-element-118034c e-flex e-con-boxed e-con e-parent\" data-id=\"118034c\" data-element_type=\"container\" data-settings=\"{&quot;background_background&quot;:&quot;classic&quot;}\">\n\t\t\t\t\t<div class=\"e-con-inner\">\n\t\t\t\t<div class=\"elementor-element elementor-element-69dc0f7 elementor-icon-list--layout-inline elementor-align-center elementor-list-item-link-full_width elementor-widget elementor-widget-icon-list\" data-id=\"69dc0f7\" data-element_type=\"widget\" data-widget_type=\"icon-list.default\">\n\t\t\t\t\t\t\t<ul class=\"elementor-icon-list-items elementor-inline-items\">\n\t\t\t\t\t\t\t<li class=\"elementor-icon-list-item elementor-inline-item\">\n\t\t\t\t\t\t\t\t\t\t\t<a href=\"https:\/\/danielbuche.com.br\/projeto\/upcultural\">\n\n\t\t\t\t\t\t\t\t\t\t\t<span class=\"elementor-icon-list-text\">In\u00edcio<\/span>\n\t\t\t\t\t\t\t\t\t\t\t<\/a>\n\t\t\t\t\t\t\t\t\t<\/li>\n\t\t\t\t\t\t\t\t<li class=\"elementor-icon-list-item elementor-inline-item\">\n\t\t\t\t\t\t\t\t\t\t\t<span class=\"elementor-icon-list-icon\">\n\t\t\t\t\t\t\t<svg aria-hidden=\"true\" class=\"e-font-icon-svg e-fas-angle-right\" viewBox=\"0 0 256 512\" xmlns=\"http:\/\/www.w3.org\/2000\/svg\"><path d=\"M224.3 273l-136 136c-9.4 9.4-24.6 9.4-33.9 0l-22.6-22.6c-9.4-9.4-9.4-24.6 0-33.9l96.4-96.4-96.4-96.4c-9.4-9.4-9.4-24.6 0-33.9L54.3 103c9.4-9.4 24.6-9.4 33.9 0l136 136c9.5 9.4 9.5 24.6.1 34z\"><\/path><\/svg>\t\t\t\t\t\t<\/span>\n\t\t\t\t\t\t\t\t\t\t<span class=\"elementor-icon-list-text\"><\/span>\n\t\t\t\t\t\t\t\t\t<\/li>\n\t\t\t\t\t\t\t\t<li class=\"elementor-icon-list-item elementor-inline-item\">\n\t\t\t\t\t\t\t\t\t\t<span class=\"elementor-icon-list-text\">Sobre<\/span>\n\t\t\t\t\t\t\t\t\t<\/li>\n\t\t\t\t\t\t<\/ul>\n\t\t\t\t\t\t<\/div>\n\t\t\t\t<div class=\"elementor-element elementor-element-c68b177 elementor-widget elementor-widget-heading\" data-id=\"c68b177\" data-element_type=\"widget\" data-widget_type=\"heading.default\">\n\t\t\t\t\t<h2 class=\"elementor-heading-title elementor-size-default\">Sobre n\u00f3s<\/h2>\t\t\t\t<\/div>\n\t\t\t\t<div class=\"elementor-element elementor-element-bd8da82 elementor-widget__width-initial elementor-widget elementor-widget-text-editor\" data-id=\"bd8da82\" data-element_type=\"widget\" data-widget_type=\"text-editor.default\">\n\t\t\t\t\t\t\t\t\t<p>&#8230;<\/p>\t\t\t\t\t\t\t\t<\/div>\n\t\t\t\t\t<\/div>\n\t\t\t\t<\/div>\n\t\t<div class=\"elementor-element elementor-element-6add585 e-flex e-con-boxed e-con e-parent\" data-id=\"6add585\" data-element_type=\"container\">\n\t\t\t\t\t<div class=\"e-con-inner\">\n\t\t\t\t<div class=\"elementor-element elementor-element-8869ddc elementor-widget elementor-widget-text-editor\" data-id=\"8869ddc\" data-element_type=\"widget\" data-widget_type=\"text-editor.default\">\n\t\t\t\t\t\t\t\t\t<p>H\u00e1 d\u00e9cadas a pol\u00edtica tem contaminado todas as esferas da nossa vida. Este fen\u00f4meno nos trouxe boas e m\u00e1s not\u00edcias. A pol\u00edtica transbordou, hoje ela est\u00e1 na missa e nos cultos, entrou nas universidades, nos tribunais, na editoria dos ve\u00edculos de comunica\u00e7\u00e3o, nas salas de aula, nos teatros, cinemas e espet\u00e1culos. Nem mesmo as ci\u00eancias mais duras passaram ilesas. N\u00e3o h\u00e1 um \u00fanico rinc\u00e3o que n\u00e3o tenha sido por ela contaminado. A pol\u00edtica, como sabemos, \u00e9 disputa por poder. A pol\u00edtica nos divide e a cultura deveria nos unir. Mas, o que temos hoje \u00e9 um pa\u00eds fraturado, caminhando em dire\u00e7\u00e3o ao abismo. Nunca foi t\u00e3o necess\u00e1rio promover o encontro da na\u00e7\u00e3o consigo mesma, curar as feridas abertas e pavimentar a estrada do futuro. S\u00f3 a cultura, a arte e a educa\u00e7\u00e3o podem realizar esta tarefa.<\/p><p>O Instituto <em>Upcultural<\/em> nasceu para promover esta arte, educa\u00e7\u00e3o e cultura. Uma reconcilia\u00e7\u00e3o da na\u00e7\u00e3o atrav\u00e9s das manifesta\u00e7\u00f5es simb\u00f3licas mais genu\u00ednas e que toquem o cora\u00e7\u00e3o do cidad\u00e3o, independentemente de sua religi\u00e3o, ra\u00e7a, sexualidade ou classe social.<\/p><p>Somos uma organiza\u00e7\u00e3o sem fins lucrativos e buscamos atrav\u00e9s de doa\u00e7\u00f5es e incentivos, p\u00fablico e privado, promover projetos educacionais e culturais que, na linguagem popular, n\u00e3o queiram \u2018lacrar\u2019. Se voc\u00ea pensa como n\u00f3s, torne-se um apoiador, seja <em>Up<\/em>.<\/p><p><em>Num tempo em que se propaga o feio<\/em><\/p><p><em>A beleza salva mundo<\/em><\/p><p><em>Festival Upcultural: A condi\u00e7\u00e3o humana, onde a cultura toca o cora\u00e7\u00e3o de todo homem<\/em><\/p>\t\t\t\t\t\t\t\t<\/div>\n\t\t\t\t\t<\/div>\n\t\t\t\t<\/div>\n\t\t\t\t<\/div>\n\t\t","protected":false},"excerpt":{"rendered":"<p>In\u00edcio &#8230; H\u00e1 d\u00e9cadas a pol\u00edtica tem contaminado todas as esferas da nossa vida. Este fen\u00f4meno nos trouxe boas e m\u00e1s not\u00edcias. A pol\u00edtica transbordou, hoje ela est\u00e1 na missa e nos cultos, entrou nas universidades, nos tribunais, na editoria dos ve\u00edculos de comunica\u00e7\u00e3o, nas salas de aula, nos teatros, cinemas e espet\u00e1culos. Nem mesmo [&hellip;]<\/p>\n","protected":false},"author":1,"featured_media":0,"parent":0,"menu_order":0,"comment_status":"closed","ping_status":"closed","template":"elementor_header_footer","meta":{"footnotes":""},"class_list":["post-176","page","type-page","status-publish","hentry"],"_links":{"self":[{"href":"https:\/\/danielbuche.com.br\/projeto\/upcultural\/wp-json\/wp\/v2\/pages\/176","targetHints":{"allow":["GET"]}}],"collection":[{"href":"https:\/\/danielbuche.com.br\/projeto\/upcultural\/wp-json\/wp\/v2\/pages"}],"about":[{"href":"https:\/\/danielbuche.com.br\/projeto\/upcultural\/wp-json\/wp\/v2\/types\/page"}],"author":[{"embeddable":true,"href":"https:\/\/danielbuche.com.br\/projeto\/upcultural\/wp-json\/wp\/v2\/users\/1"}],"replies":[{"embeddable":true,"href":"https:\/\/danielbuche.com.br\/projeto\/upcultural\/wp-json\/wp\/v2\/comments?post=176"}],"version-history":[{"count":16,"href":"https:\/\/danielbuche.com.br\/projeto\/upcultural\/wp-json\/wp\/v2\/pages\/176\/revisions"}],"predecessor-version":[{"id":440,"href":"https:\/\/danielbuche.com.br\/projeto\/upcultural\/wp-json\/wp\/v2\/pages\/176\/revisions\/440"}],"wp:attachment":[{"href":"https:\/\/danielbuche.com.br\/projeto\/upcultural\/wp-json\/wp\/v2\/media?parent=176"}],"curies":[{"name":"wp","href":"https:\/\/api.w.org\/{rel}","templated":true}]}}